{"id":280,"date":"2020-07-29T07:40:08","date_gmt":"2020-07-29T05:40:08","guid":{"rendered":"https:\/\/dev.krakil.pl\/group-info\/"},"modified":"2023-11-17T13:49:35","modified_gmt":"2023-11-17T12:49:35","slug":"group-info","status":"publish","type":"page","link":"https:\/\/dev.krakil.pl\/en\/plan-your-visit\/group-info\/","title":{"rendered":"Information for groups"},"content":{"rendered":"\n<p>Grupom powy\u017cej 10 os\u00f3b oferujemy zni\u017ck\u0119 -10% i wycieczk\u0119 z przewodnikiem, kt\u00f3ra trwa 60-90 minut, bez dodatkowych op\u0142at.<\/p>\n\n\n\n<p>Rezerwacja jest mo\u017cliwa pod adresem e-mail: <a href=\"mailto:info@krakil.pl\">info@krakil.pl<\/a>.<\/p>\n\n\n\n<p>Prosimy o podanie informacji odno\u015bnie ilo\u015bci os\u00f3b w grupie, preferowanej godziny odwiedzin oraz o dane kontaktowe osoby rezerwuj\u0105cej wizyt\u0119.<\/p>\n\n\n<div class=\"wp-block-image full-width-fig\">\n<figure class=\"aligncenter size-full\"><img decoding=\"async\" loading=\"lazy\" width=\"2048\" height=\"1365\" src=\"https:\/\/dev.krakil.pl\/wp-content\/uploads\/2023\/11\/TLM00065.jpg\" alt=\"\" class=\"wp-image-22589\" srcset=\"https:\/\/dev.krakil.pl\/wp-content\/uploads\/2023\/11\/TLM00065.jpg 2048w, https:\/\/dev.krakil.pl\/wp-content\/uploads\/2023\/11\/TLM00065-300x200.jpg 300w, https:\/\/dev.krakil.pl\/wp-content\/uploads\/2023\/11\/TLM00065-1024x683.jpg 1024w, https:\/\/dev.krakil.pl\/wp-content\/uploads\/2023\/11\/TLM00065-768x512.jpg 768w, https:\/\/dev.krakil.pl\/wp-content\/uploads\/2023\/11\/TLM00065-1536x1024.jpg 1536w, https:\/\/dev.krakil.pl\/wp-content\/uploads\/2023\/11\/TLM00065-600x400.jpg 600w\" sizes=\"(max-width: 2048px) 100vw, 2048px\" \/><\/figure><\/div>\n\n\n<figure class=\"wp-block-image size-large mob-slika\"><img decoding=\"async\" loading=\"lazy\" width=\"1024\" height=\"683\" src=\"https:\/\/dev.krakil.pl\/wp-content\/uploads\/2023\/10\/TLM00244-1-1024x683.jpg\" alt=\"\" class=\"wp-image-22570\" srcset=\"https:\/\/dev.krakil.pl\/wp-content\/uploads\/2023\/10\/TLM00244-1-1024x683.jpg 1024w, https:\/\/dev.krakil.pl\/wp-content\/uploads\/2023\/10\/TLM00244-1-300x200.jpg 300w, https:\/\/dev.krakil.pl\/wp-content\/uploads\/2023\/10\/TLM00244-1-768x512.jpg 768w, https:\/\/dev.krakil.pl\/wp-content\/uploads\/2023\/10\/TLM00244-1-1536x1024.jpg 1536w, https:\/\/dev.krakil.pl\/wp-content\/uploads\/2023\/10\/TLM00244-1-600x400.jpg 600w, https:\/\/dev.krakil.pl\/wp-content\/uploads\/2023\/10\/TLM00244-1.jpg 2048w\" sizes=\"(max-width: 1024px) 100vw, 1024px\" \/><\/figure>\n","protected":false},"excerpt":{"rendered":"<div class=\"news-excerpt\"><p>Grupom powy\u017cej 10 os\u00f3b oferujemy zni\u017ck\u0119 -10% i wycieczk\u0119 z przewodnikiem, kt\u00f3ra trwa 60-90 minut, bez dodatkowych op\u0142at. Rezerwacja jest mo\u017cliwa pod adresem e-mail: info@krakil.pl. Prosimy o podanie informacji odno\u015bnie ilo\u015bci os\u00f3b w grupie, preferowanej godziny odwiedzin oraz o dane kontaktowe osoby rezerwuj\u0105cej wizyt\u0119.<\/p>\n<\/div>","protected":false},"author":1,"featured_media":0,"parent":356,"menu_order":0,"comment_status":"closed","ping_status":"closed","template":"","meta":[],"acf":[],"yoast_head":"<!-- This site is optimized with the Yoast SEO plugin v20.12 - https:\/\/yoast.com\/wordpress\/plugins\/seo\/ -->\n<title>Information for groups &ndash; Museum of illusions Krakow<\/title>\n<meta name=\"description\" content=\"For groups over 10 people, we provide a free guided tour, which takes approximately 60 minutes.\" \/>\n<meta name=\"robots\" content=\"noindex, follow, max-snippet:-1, max-image-preview:large, max-video-preview:-1\" \/>\n<meta property=\"og:locale\" content=\"en_US\" \/>\n<meta property=\"og:type\" content=\"article\" \/>\n<meta property=\"og:title\" content=\"Information for groups &ndash; Museum of illusions Krakow\" \/>\n<meta property=\"og:description\" content=\"For groups over 10 people, we provide a free guided tour, which takes approximately 60 minutes.\" \/>\n<meta property=\"og:url\" content=\"https:\/\/dev.krakil.pl\/en\/plan-your-visit\/group-info\/\" \/>\n<meta property=\"og:site_name\" content=\"Museum of illusions Krakow\" \/>\n<meta property=\"article:publisher\" content=\"https:\/\/www.facebook.com\/Krakow.muzeum.iluzji\/\" \/>\n<meta property=\"article:modified_time\" content=\"2023-11-17T12:49:35+00:00\" \/>\n<meta property=\"og:image\" content=\"https:\/\/dev.krakil.pl\/wp-content\/uploads\/2023\/11\/TLM00065.jpg\" \/>\n<meta name=\"twitter:card\" content=\"summary_large_image\" \/>\n<meta name=\"twitter:label1\" content=\"Est. reading time\" \/>\n\t<meta name=\"twitter:data1\" content=\"1 minute\" \/>\n<script type=\"application\/ld+json\" class=\"yoast-schema-graph\">{\"@context\":\"https:\/\/schema.org\",\"@graph\":[{\"@type\":\"WebPage\",\"@id\":\"https:\/\/dev.krakil.pl\/en\/plan-your-visit\/group-info\/\",\"url\":\"https:\/\/dev.krakil.pl\/en\/plan-your-visit\/group-info\/\",\"name\":\"Information for groups &ndash; Museum of illusions Krakow\",\"isPartOf\":{\"@id\":\"https:\/\/dev.krakil.pl\/#website\"},\"datePublished\":\"2020-07-29T05:40:08+00:00\",\"dateModified\":\"2023-11-17T12:49:35+00:00\",\"description\":\"For groups over 10 people, we provide a free guided tour, which takes approximately 60 minutes.\",\"breadcrumb\":{\"@id\":\"https:\/\/dev.krakil.pl\/en\/plan-your-visit\/group-info\/#breadcrumb\"},\"inLanguage\":\"en-US\",\"potentialAction\":[{\"@type\":\"ReadAction\",\"target\":[\"https:\/\/dev.krakil.pl\/en\/plan-your-visit\/group-info\/\"]}]},{\"@type\":\"BreadcrumbList\",\"@id\":\"https:\/\/dev.krakil.pl\/en\/plan-your-visit\/group-info\/#breadcrumb\",\"itemListElement\":[{\"@type\":\"ListItem\",\"position\":1,\"name\":\"Home\",\"item\":\"https:\/\/dev.krakil.pl\/en\/\"},{\"@type\":\"ListItem\",\"position\":2,\"name\":\"Plan your visit\",\"item\":\"https:\/\/dev.krakil.pl\/en\/plan-your-visit\/\"},{\"@type\":\"ListItem\",\"position\":3,\"name\":\"Information for groups\"}]},{\"@type\":\"WebSite\",\"@id\":\"https:\/\/dev.krakil.pl\/#website\",\"url\":\"https:\/\/dev.krakil.pl\/\",\"name\":\"Museum of illusions Krakow\",\"description\":\"It\u2019s fascinating. It\u2019s fun. It\u2019s sure to be surprising. Welcome to the historical mansion full of captivating illusions, wonderful atmosphere and helpful staff!\",\"publisher\":{\"@id\":\"https:\/\/dev.krakil.pl\/#organization\"},\"potentialAction\":[{\"@type\":\"SearchAction\",\"target\":{\"@type\":\"EntryPoint\",\"urlTemplate\":\"https:\/\/dev.krakil.pl\/?s={search_term_string}\"},\"query-input\":\"required name=search_term_string\"}],\"inLanguage\":\"en-US\"},{\"@type\":\"Organization\",\"@id\":\"https:\/\/dev.krakil.pl\/#organization\",\"name\":\"Poznaj \u015bwiat iluzji - Muzeum iluzji Krakow\",\"url\":\"https:\/\/dev.krakil.pl\/\",\"logo\":{\"@type\":\"ImageObject\",\"inLanguage\":\"en-US\",\"@id\":\"https:\/\/dev.krakil.pl\/#\/schema\/logo\/image\/\",\"url\":\"https:\/\/dev.krakil.pl\/wp-content\/uploads\/2020\/10\/krakil_logo.jpg\",\"contentUrl\":\"https:\/\/dev.krakil.pl\/wp-content\/uploads\/2020\/10\/krakil_logo.jpg\",\"width\":324,\"height\":89,\"caption\":\"Poznaj \u015bwiat iluzji - Muzeum iluzji Krakow\"},\"image\":{\"@id\":\"https:\/\/dev.krakil.pl\/#\/schema\/logo\/image\/\"},\"sameAs\":[\"https:\/\/www.facebook.com\/Krakow.muzeum.iluzji\/\",\"https:\/\/www.instagram.com\/museumofillusions.krakow\/\"]}]}<\/script>\n<!-- \/ Yoast SEO plugin. -->","yoast_head_json":{"title":"Information for groups &ndash; Museum of illusions Krakow","description":"For groups over 10 people, we provide a free guided tour, which takes approximately 60 minutes.","robots":{"index":"noindex","follow":"follow","max-snippet":"max-snippet:-1","max-image-preview":"max-image-preview:large","max-video-preview":"max-video-preview:-1"},"og_locale":"en_US","og_type":"article","og_title":"Information for groups &ndash; Museum of illusions Krakow","og_description":"For groups over 10 people, we provide a free guided tour, which takes approximately 60 minutes.","og_url":"https:\/\/dev.krakil.pl\/en\/plan-your-visit\/group-info\/","og_site_name":"Museum of illusions Krakow","article_publisher":"https:\/\/www.facebook.com\/Krakow.muzeum.iluzji\/","article_modified_time":"2023-11-17T12:49:35+00:00","og_image":[{"url":"https:\/\/dev.krakil.pl\/wp-content\/uploads\/2023\/11\/TLM00065.jpg"}],"twitter_card":"summary_large_image","twitter_misc":{"Est. reading time":"1 minute"},"schema":{"@context":"https:\/\/schema.org","@graph":[{"@type":"WebPage","@id":"https:\/\/dev.krakil.pl\/en\/plan-your-visit\/group-info\/","url":"https:\/\/dev.krakil.pl\/en\/plan-your-visit\/group-info\/","name":"Information for groups &ndash; Museum of illusions Krakow","isPartOf":{"@id":"https:\/\/dev.krakil.pl\/#website"},"datePublished":"2020-07-29T05:40:08+00:00","dateModified":"2023-11-17T12:49:35+00:00","description":"For groups over 10 people, we provide a free guided tour, which takes approximately 60 minutes.","breadcrumb":{"@id":"https:\/\/dev.krakil.pl\/en\/plan-your-visit\/group-info\/#breadcrumb"},"inLanguage":"en-US","potentialAction":[{"@type":"ReadAction","target":["https:\/\/dev.krakil.pl\/en\/plan-your-visit\/group-info\/"]}]},{"@type":"BreadcrumbList","@id":"https:\/\/dev.krakil.pl\/en\/plan-your-visit\/group-info\/#breadcrumb","itemListElement":[{"@type":"ListItem","position":1,"name":"Home","item":"https:\/\/dev.krakil.pl\/en\/"},{"@type":"ListItem","position":2,"name":"Plan your visit","item":"https:\/\/dev.krakil.pl\/en\/plan-your-visit\/"},{"@type":"ListItem","position":3,"name":"Information for groups"}]},{"@type":"WebSite","@id":"https:\/\/dev.krakil.pl\/#website","url":"https:\/\/dev.krakil.pl\/","name":"Museum of illusions Krakow","description":"It\u2019s fascinating. It\u2019s fun. It\u2019s sure to be surprising. Welcome to the historical mansion full of captivating illusions, wonderful atmosphere and helpful staff!","publisher":{"@id":"https:\/\/dev.krakil.pl\/#organization"},"potentialAction":[{"@type":"SearchAction","target":{"@type":"EntryPoint","urlTemplate":"https:\/\/dev.krakil.pl\/?s={search_term_string}"},"query-input":"required name=search_term_string"}],"inLanguage":"en-US"},{"@type":"Organization","@id":"https:\/\/dev.krakil.pl\/#organization","name":"Poznaj \u015bwiat iluzji - Muzeum iluzji Krakow","url":"https:\/\/dev.krakil.pl\/","logo":{"@type":"ImageObject","inLanguage":"en-US","@id":"https:\/\/dev.krakil.pl\/#\/schema\/logo\/image\/","url":"https:\/\/dev.krakil.pl\/wp-content\/uploads\/2020\/10\/krakil_logo.jpg","contentUrl":"https:\/\/dev.krakil.pl\/wp-content\/uploads\/2020\/10\/krakil_logo.jpg","width":324,"height":89,"caption":"Poznaj \u015bwiat iluzji - Muzeum iluzji Krakow"},"image":{"@id":"https:\/\/dev.krakil.pl\/#\/schema\/logo\/image\/"},"sameAs":["https:\/\/www.facebook.com\/Krakow.muzeum.iluzji\/","https:\/\/www.instagram.com\/museumofillusions.krakow\/"]}]}},"_links":{"self":[{"href":"https:\/\/dev.krakil.pl\/en\/wp-json\/wp\/v2\/pages\/280"}],"collection":[{"href":"https:\/\/dev.krakil.pl\/en\/wp-json\/wp\/v2\/pages"}],"about":[{"href":"https:\/\/dev.krakil.pl\/en\/wp-json\/wp\/v2\/types\/page"}],"author":[{"embeddable":true,"href":"https:\/\/dev.krakil.pl\/en\/wp-json\/wp\/v2\/users\/1"}],"replies":[{"embeddable":true,"href":"https:\/\/dev.krakil.pl\/en\/wp-json\/wp\/v2\/comments?post=280"}],"version-history":[{"count":3,"href":"https:\/\/dev.krakil.pl\/en\/wp-json\/wp\/v2\/pages\/280\/revisions"}],"predecessor-version":[{"id":22612,"href":"https:\/\/dev.krakil.pl\/en\/wp-json\/wp\/v2\/pages\/280\/revisions\/22612"}],"up":[{"embeddable":true,"href":"https:\/\/dev.krakil.pl\/en\/wp-json\/wp\/v2\/pages\/356"}],"wp:attachment":[{"href":"https:\/\/dev.krakil.pl\/en\/wp-json\/wp\/v2\/media?parent=280"}],"curies":[{"name":"wp","href":"https:\/\/api.w.org\/{rel}","templated":true}]}}